{"id":827,"date":"2023-10-09T15:06:47","date_gmt":"2023-10-09T14:06:47","guid":{"rendered":"https:\/\/bordanpe.pt\/?page_id=827"},"modified":"2023-10-10T15:56:55","modified_gmt":"2023-10-10T14:56:55","slug":"corte-a-laser","status":"publish","type":"page","link":"https:\/\/bordanpe.pt\/en\/produtos-servicos\/corte-a-laser\/","title":{"rendered":"Laser cut"},"content":{"rendered":"<p>Our laser cutting services stand out for their advanced technology. We have several machines equipped with state-of-the-art optical reading and galva recording systems. This combination of cutting-edge technologies allows us to offer precise cutting and high-quality engraving on a variety of materials. At the forefront of the industry, at Bordanpe we are ready to satisfy the needs of demanding and personalized projects, delivering excellent results efficiently.<\/p>\n\n\n\n<div style=\"height:30px\" aria-hidden=\"true\" class=\"wp-block-spacer\"><\/div>\n\n\n<style>#jtg-878 .modula-item .jtg-social a, .lightbox-socials.jtg-social a{ color: #ffffff }#jtg-878 .modula-item .jtg-social svg, .lightbox-socials.jtg-social svg { height: 16px; width: 16px }#jtg-878 .modula-item .jtg-social a:not(:last-child), .lightbox-socials.jtg-social a:not(:last-child) { margin-right: 10px }#jtg-878 .modula-item .figc {color:#ffffff;}#jtg-878 .modula-item .modula-item-content { transform: scale(1) }#jtg-878 { width:100%;}#jtg-878 .modula-items{height:800px;}@media screen and (max-width: 992px) {#jtg-878 .modula-items{height:800px;}}@media screen and (max-width: 768px) {#jtg-878 .modula-items{height:800px;}}#jtg-878 .modula-items .figc p.description { font-size:14px; }#jtg-878 .modula-items .figc p.description { color:#ffffff;}#jtg-878.modula-gallery .modula-item > a, #jtg-878.modula-gallery .modula-item, #jtg-878.modula-gallery .modula-item-content > a:not(.modula-no-follow) { cursor:zoom-in; } #jtg-878.modula-gallery .modula-item-content .modula-no-follow { cursor: default; } @media screen and (max-width:480px){#jtg-878 .modula-item .figc .jtg-title {  font-size: 12px; }#jtg-878 .modula-items .figc p.description { color:#ffffff;font-size:10px; }}<\/style>\n<!-- Gallery Container -->\n<div  id=\"jtg-878\" class=\"modula modula-gallery modula-creative-gallery\" data-config=\"{&quot;height&quot;:800,&quot;tabletHeight&quot;:800,&quot;mobileHeight&quot;:800,&quot;desktopHeight&quot;:800,&quot;enableTwitter&quot;:false,&quot;enableWhatsapp&quot;:false,&quot;enableFacebook&quot;:false,&quot;enablePinterest&quot;:false,&quot;enableLinkedin&quot;:false,&quot;enableEmail&quot;:false,&quot;randomFactor&quot;:0.5,&quot;type&quot;:&quot;creative-gallery&quot;,&quot;columns&quot;:12,&quot;gutter&quot;:10,&quot;mobileGutter&quot;:10,&quot;tabletGutter&quot;:10,&quot;desktopGutter&quot;:10,&quot;enableResponsive&quot;:&quot;0&quot;,&quot;tabletColumns&quot;:&quot;2&quot;,&quot;mobileColumns&quot;:&quot;1&quot;,&quot;lazyLoad&quot;:&quot;1&quot;,&quot;lightboxOpts&quot;:{&quot;loop&quot;:false,&quot;arrows&quot;:true,&quot;toolbar&quot;:true,&quot;keyboard&quot;:true,&quot;wheel&quot;:false,&quot;buttons&quot;:[&quot;close&quot;],&quot;hash&quot;:false,&quot;lang&quot;:&quot;en&quot;,&quot;touch&quot;:false,&quot;protect&quot;:false,&quot;i18n&quot;:{&quot;en&quot;:{&quot;CLOSE&quot;:&quot;Close&quot;,&quot;NEXT&quot;:&quot;Next&quot;,&quot;PREV&quot;:&quot;Previous&quot;,&quot;Error&quot;:&quot;The requested content cannot be loaded. Please try again later.&quot;,&quot;PLAY_START&quot;:&quot;Start slideshow&quot;,&quot;PLAY_STOP&quot;:&quot;Pause slideshow&quot;,&quot;FULL_SCREEN&quot;:&quot;Full screen&quot;,&quot;THUMBS&quot;:&quot;Thumbnails&quot;,&quot;DOWNLOAD&quot;:&quot;Download&quot;,&quot;SHARE&quot;:&quot;Share&quot;,&quot;ZOOM&quot;:&quot;Zoom&quot;}},&quot;clickSlide&quot;:false,&quot;clickOutside&quot;:false,&quot;dblclickContent&quot;:false,&quot;dblclickSlide&quot;:false,&quot;dblclickOutside&quot;:false,&quot;clickContent&quot;:false,&quot;baseTpl&quot;:&quot;&lt;div class=\\&quot;modula-fancybox-container modula-lightbox-jtg-878\\&quot; role=\\&quot;dialog\\&quot; tabindex=\\&quot;-1\\&quot;&gt;&lt;div class=\\&quot;modula-fancybox-bg\\&quot;&gt;&lt;\\\/div&gt;&lt;div class=\\&quot;modula-fancybox-inner\\&quot;&gt;&lt;div class=\\&quot;modula-fancybox-infobar\\&quot;&gt;&lt;span data-fancybox-index&gt;&lt;\\\/span&gt;&nbsp;\\\/&nbsp;&lt;span data-fancybox-count&gt;&lt;\\\/span&gt;&lt;\\\/div&gt;&lt;div class=\\&quot;modula-fancybox-toolbar\\&quot;&gt;{{buttons}}&lt;\\\/div&gt;&lt;div class=\\&quot;modula-fancybox-navigation\\&quot;&gt;{{arrows}}&lt;\\\/div&gt;&lt;div class=\\&quot;modula-fancybox-stage\\&quot;&gt;&lt;\\\/div&gt;&lt;div class=\\&quot;modula-fancybox-caption\\&quot;&gt;&lt;div class=\\&quot;modula-fancybox-caption__body\\&quot;&gt;&lt;\\\/div&gt;&lt;\\\/div&gt;&lt;\\\/div&gt;&lt;\\\/div&gt;&quot;},&quot;inView&quot;:false,&quot;email_subject&quot;:&quot;Check out this awesome image !!&quot;,&quot;email_message&quot;:&quot;Here is the link to the image : %%image_link%% and this is the link to the gallery : %%gallery_link%%&quot;,&quot;lightbox&quot;:&quot;fancybox&quot;}\">\n\n\t\n\t<!-- Items Container -->\n\t<div  class=\"modula-items\">\n\t\t<div class=\"modula-item effect-pufrobo\" >\n\t<div class=\"modula-item-overlay\"><\/div>\n\n\t<div class=\"modula-item-content\">\n\n\t\t\t\t\n\t\t\t\t\t<a data-image-id=\"860\" rel=\"jtg-878\" data-caption=\"\" aria-label=\"Open image in lightbox\" class=\"tile-inner modula-item-link\"><\/a>\n\t\t\n\t\t<img class=\"pic wp-image-860 lazyload\"  data-valign=\"middle\" data-halign=\"center\" alt=\"\" data-full=\"https:\/\/bordanpe.pt\/wp-content\/uploads\/2023\/10\/bordados-9.jpg\" title=\"bordados (9)\" width=\"800\" height=\"800\" data-src=\"https:\/\/bordanpe.pt\/wp-content\/uploads\/2023\/10\/bordados-9.jpg\" data-caption=\"\" data-source=\"modula\" data-srcset=\"https:\/\/bordanpe.pt\/wp-content\/uploads\/2023\/10\/bordados-9.jpg 800w, https:\/\/bordanpe.pt\/wp-content\/uploads\/2023\/10\/bordados-9-300x300.jpg 300w, https:\/\/bordanpe.pt\/wp-content\/uploads\/2023\/10\/bordados-9-150x150.jpg 150w, https:\/\/bordanpe.pt\/wp-content\/uploads\/2023\/10\/bordados-9-768x768.jpg 768w, https:\/\/bordanpe.pt\/wp-content\/uploads\/2023\/10\/bordados-9-324x324.jpg 324w, https:\/\/bordanpe.pt\/wp-content\/uploads\/2023\/10\/bordados-9-416x416.jpg 416w, https:\/\/bordanpe.pt\/wp-content\/uploads\/2023\/10\/bordados-9-100x100.jpg 100w, https:\/\/bordanpe.pt\/wp-content\/uploads\/2023\/10\/bordados-9-64x64.jpg 64w\" data-sizes=\"(max-width: 800px) 100vw, 800px\" \/>\n\t\t<div class=\"figc no-description\">\n\t\t\t<div class=\"figc-inner\">\n\t\t\t\t\t\t\t\t\t\t\t\t\t\t\t<\/div>\n\t\t<\/div>\n\n\t<\/div>\n\n<\/div><div class=\"modula-item effect-pufrobo\" >\n\t<div class=\"modula-item-overlay\"><\/div>\n\n\t<div class=\"modula-item-content\">\n\n\t\t\t\t\n\t\t\t\t\t<a data-image-id=\"883\" rel=\"jtg-878\" data-caption=\"\" aria-label=\"Open image in lightbox\" class=\"tile-inner modula-item-link\"><\/a>\n\t\t\n\t\t<img class=\"pic wp-image-883 lazyload\"  data-valign=\"middle\" data-halign=\"center\" alt=\"\" data-full=\"https:\/\/bordanpe.pt\/wp-content\/uploads\/2023\/10\/laser.jpg\" title=\"laser\" width=\"800\" height=\"800\" data-src=\"https:\/\/bordanpe.pt\/wp-content\/uploads\/2023\/10\/laser.jpg\" data-caption=\"\" data-source=\"modula\" data-srcset=\"https:\/\/bordanpe.pt\/wp-content\/uploads\/2023\/10\/laser.jpg 800w, https:\/\/bordanpe.pt\/wp-content\/uploads\/2023\/10\/laser-300x300.jpg 300w, https:\/\/bordanpe.pt\/wp-content\/uploads\/2023\/10\/laser-150x150.jpg 150w, https:\/\/bordanpe.pt\/wp-content\/uploads\/2023\/10\/laser-768x768.jpg 768w, https:\/\/bordanpe.pt\/wp-content\/uploads\/2023\/10\/laser-324x324.jpg 324w, https:\/\/bordanpe.pt\/wp-content\/uploads\/2023\/10\/laser-416x416.jpg 416w, https:\/\/bordanpe.pt\/wp-content\/uploads\/2023\/10\/laser-100x100.jpg 100w, https:\/\/bordanpe.pt\/wp-content\/uploads\/2023\/10\/laser-64x64.jpg 64w\" data-sizes=\"(max-width: 800px) 100vw, 800px\" \/>\n\t\t<div class=\"figc no-description\">\n\t\t\t<div class=\"figc-inner\">\n\t\t\t\t\t\t\t\t\t\t\t\t\t\t\t<\/div>\n\t\t<\/div>\n\n\t<\/div>\n\n<\/div>\t\t\n\t<\/div>\n\n\t\n\t\n\t<script type=\"application\/ld+json\">\n\t{\n\t\t\"@context\": \"http:\/\/schema.org\",\n\t\t\"@type\"   : \"ImageGallery\",\n\t\t\"id\"      : \"https:\/\/bordanpe.pt\/en\/wp-json\/wp\/v2\/pages\/827\",\n\t\t\"url\"     : \"https:\/\/bordanpe.pt\/en\/wp-json\/wp\/v2\/pages\/827\"\n\t}\n\n    <\/script>\n\n\t\n<\/div>","protected":false},"excerpt":{"rendered":"<p>Os nossos servi\u00e7os de corte a laser destacam-se pela sua tecnologia avan\u00e7ada. Temos v\u00e1rias m\u00e1quinas equipadas com leitura \u00f3tica e sistemas de grava\u00e7\u00e3o galva de \u00faltima gera\u00e7\u00e3o. Esta combina\u00e7\u00e3o de tecnologias de ponta permite-nos oferecer um corte preciso e uma grava\u00e7\u00e3o de alta qualidade em diversos materiais. Na vanguarda da ind\u00fastria, na Bordanpe estamos prontos [&hellip;]<\/p>","protected":false},"author":4,"featured_media":831,"parent":244,"menu_order":2,"comment_status":"closed","ping_status":"closed","template":"","meta":{"footnotes":""},"_links":{"self":[{"href":"https:\/\/bordanpe.pt\/en\/wp-json\/wp\/v2\/pages\/827"}],"collection":[{"href":"https:\/\/bordanpe.pt\/en\/wp-json\/wp\/v2\/pages"}],"about":[{"href":"https:\/\/bordanpe.pt\/en\/wp-json\/wp\/v2\/types\/page"}],"author":[{"embeddable":true,"href":"https:\/\/bordanpe.pt\/en\/wp-json\/wp\/v2\/users\/4"}],"replies":[{"embeddable":true,"href":"https:\/\/bordanpe.pt\/en\/wp-json\/wp\/v2\/comments?post=827"}],"version-history":[{"count":3,"href":"https:\/\/bordanpe.pt\/en\/wp-json\/wp\/v2\/pages\/827\/revisions"}],"predecessor-version":[{"id":881,"href":"https:\/\/bordanpe.pt\/en\/wp-json\/wp\/v2\/pages\/827\/revisions\/881"}],"up":[{"embeddable":true,"href":"https:\/\/bordanpe.pt\/en\/wp-json\/wp\/v2\/pages\/244"}],"wp:featuredmedia":[{"embeddable":true,"href":"https:\/\/bordanpe.pt\/en\/wp-json\/wp\/v2\/media\/831"}],"wp:attachment":[{"href":"https:\/\/bordanpe.pt\/en\/wp-json\/wp\/v2\/media?parent=827"}],"curies":[{"name":"wp","href":"https:\/\/api.w.org\/{rel}","templated":true}]}}