{"id":746,"date":"2023-09-15T17:15:21","date_gmt":"2023-09-15T16:15:21","guid":{"rendered":"https:\/\/bordanpe.pt\/?page_id=746"},"modified":"2024-02-06T15:56:57","modified_gmt":"2024-02-06T15:56:57","slug":"certificacoes","status":"publish","type":"page","link":"https:\/\/bordanpe.pt\/en\/certificacoes\/","title":{"rendered":"Certifications"},"content":{"rendered":"<p>The recognition and loyalty of our customers have been fundamental pillars of our business achievements. Thanks to this solid partnership, we have been awarded prestigious distinctions, such as the status of SME Leader and the honor of being recognized as an Innovative Company by COTEC. These distinctions unequivocally validate our commitment to excellence and the constant search for innovation.<\/p>\n\n\n\n<p>Continuous improvement of our services is our top priority. In this sense, we tirelessly pursue various certifications, including the highly valued GOTS, OCS, RCS and Oeko-tex Class I Certifications. These certifications reflect our firm commitment to providing the highest quality products, produced in a sustainable and responsible way. We are fully committed to consistently raising the standard of our services, aligning them with our clients expectations and the most rigorous industry standards.<\/p>\n\n\n<div class=\"wp-block-image\">\n<figure class=\"alignleft size-large\"><img decoding=\"async\" loading=\"lazy\" width=\"1024\" height=\"337\" src=\"https:\/\/bordanpe.pt\/wp-content\/uploads\/2024\/02\/Logos-GOTS-Bordanpe-1024x337.png\" alt=\"\" class=\"wp-image-939\" srcset=\"https:\/\/bordanpe.pt\/wp-content\/uploads\/2024\/02\/Logos-GOTS-Bordanpe-1024x337.png 1024w, https:\/\/bordanpe.pt\/wp-content\/uploads\/2024\/02\/Logos-GOTS-Bordanpe-300x99.png 300w, https:\/\/bordanpe.pt\/wp-content\/uploads\/2024\/02\/Logos-GOTS-Bordanpe-768x253.png 768w, https:\/\/bordanpe.pt\/wp-content\/uploads\/2024\/02\/Logos-GOTS-Bordanpe-1536x506.png 1536w, https:\/\/bordanpe.pt\/wp-content\/uploads\/2024\/02\/Logos-GOTS-Bordanpe-18x6.png 18w, https:\/\/bordanpe.pt\/wp-content\/uploads\/2024\/02\/Logos-GOTS-Bordanpe-416x137.png 416w, https:\/\/bordanpe.pt\/wp-content\/uploads\/2024\/02\/Logos-GOTS-Bordanpe-64x21.png 64w, https:\/\/bordanpe.pt\/wp-content\/uploads\/2024\/02\/Logos-GOTS-Bordanpe.png 1580w\" sizes=\"(max-width: 1024px) 100vw, 1024px\" \/><\/figure><\/div>\n\n<div class=\"wp-block-image\">\n<figure class=\"alignleft size-large\"><img decoding=\"async\" loading=\"lazy\" width=\"1024\" height=\"337\" src=\"https:\/\/bordanpe.pt\/wp-content\/uploads\/2024\/02\/Logos-Certificacoes-Bordanpe-1024x337.png\" alt=\"\" class=\"wp-image-943\" srcset=\"https:\/\/bordanpe.pt\/wp-content\/uploads\/2024\/02\/Logos-Certificacoes-Bordanpe-1024x337.png 1024w, https:\/\/bordanpe.pt\/wp-content\/uploads\/2024\/02\/Logos-Certificacoes-Bordanpe-300x99.png 300w, https:\/\/bordanpe.pt\/wp-content\/uploads\/2024\/02\/Logos-Certificacoes-Bordanpe-768x253.png 768w, https:\/\/bordanpe.pt\/wp-content\/uploads\/2024\/02\/Logos-Certificacoes-Bordanpe-1536x506.png 1536w, https:\/\/bordanpe.pt\/wp-content\/uploads\/2024\/02\/Logos-Certificacoes-Bordanpe-18x6.png 18w, https:\/\/bordanpe.pt\/wp-content\/uploads\/2024\/02\/Logos-Certificacoes-Bordanpe-416x137.png 416w, https:\/\/bordanpe.pt\/wp-content\/uploads\/2024\/02\/Logos-Certificacoes-Bordanpe-64x21.png 64w, https:\/\/bordanpe.pt\/wp-content\/uploads\/2024\/02\/Logos-Certificacoes-Bordanpe.png 1580w\" sizes=\"(max-width: 1024px) 100vw, 1024px\" \/><\/figure><\/div>\n\n\n<div style=\"height:30px\" aria-hidden=\"true\" class=\"wp-block-spacer\"><\/div>\n\n\n\n<h2 class=\"wp-block-heading\">Other recognitions<\/h2>\n\n\n\n<p><strong>Empresa PME L\u00edder &#8217;23<\/strong><\/p>\n\n\n\n<figure class=\"wp-block-image size-large is-resized\"><img decoding=\"async\" loading=\"lazy\" src=\"https:\/\/bordanpe.pt\/wp-content\/uploads\/2023\/11\/Bordanpe_PME-lider-23-1024x724.jpg\" alt=\"\" class=\"wp-image-934\" style=\"width:768px;height:543px\" width=\"768\" height=\"543\" srcset=\"https:\/\/bordanpe.pt\/wp-content\/uploads\/2023\/11\/Bordanpe_PME-lider-23-1024x724.jpg 1024w, https:\/\/bordanpe.pt\/wp-content\/uploads\/2023\/11\/Bordanpe_PME-lider-23-300x212.jpg 300w, https:\/\/bordanpe.pt\/wp-content\/uploads\/2023\/11\/Bordanpe_PME-lider-23-768x543.jpg 768w, https:\/\/bordanpe.pt\/wp-content\/uploads\/2023\/11\/Bordanpe_PME-lider-23-1536x1085.jpg 1536w, https:\/\/bordanpe.pt\/wp-content\/uploads\/2023\/11\/Bordanpe_PME-lider-23-18x12.jpg 18w, https:\/\/bordanpe.pt\/wp-content\/uploads\/2023\/11\/Bordanpe_PME-lider-23-416x294.jpg 416w, https:\/\/bordanpe.pt\/wp-content\/uploads\/2023\/11\/Bordanpe_PME-lider-23-64x45.jpg 64w, https:\/\/bordanpe.pt\/wp-content\/uploads\/2023\/11\/Bordanpe_PME-lider-23.jpg 1755w\" sizes=\"(max-width: 768px) 100vw, 768px\" \/><\/figure>\n\n\n\n<div style=\"height:30px\" aria-hidden=\"true\" class=\"wp-block-spacer\"><\/div>\n\n\n\n<p><strong>Innovative Company COTEC 2023<\/strong><\/p>\n\n\n\n<figure class=\"wp-block-image size-large is-resized\"><img decoding=\"async\" loading=\"lazy\" src=\"https:\/\/bordanpe.pt\/wp-content\/uploads\/2023\/10\/Post-Lnkd-2023-Inovadora-COTEC__BORDANPE-1024x540.png\" alt=\"\" class=\"wp-image-806\" style=\"width:768px;height:405px\" width=\"768\" height=\"405\" srcset=\"https:\/\/bordanpe.pt\/wp-content\/uploads\/2023\/10\/Post-Lnkd-2023-Inovadora-COTEC__BORDANPE-1024x540.png 1024w, https:\/\/bordanpe.pt\/wp-content\/uploads\/2023\/10\/Post-Lnkd-2023-Inovadora-COTEC__BORDANPE-300x158.png 300w, https:\/\/bordanpe.pt\/wp-content\/uploads\/2023\/10\/Post-Lnkd-2023-Inovadora-COTEC__BORDANPE-768x405.png 768w, https:\/\/bordanpe.pt\/wp-content\/uploads\/2023\/10\/Post-Lnkd-2023-Inovadora-COTEC__BORDANPE-1536x809.png 1536w, https:\/\/bordanpe.pt\/wp-content\/uploads\/2023\/10\/Post-Lnkd-2023-Inovadora-COTEC__BORDANPE-2048x1079.png 2048w, https:\/\/bordanpe.pt\/wp-content\/uploads\/2023\/10\/Post-Lnkd-2023-Inovadora-COTEC__BORDANPE-416x219.png 416w, https:\/\/bordanpe.pt\/wp-content\/uploads\/2023\/10\/Post-Lnkd-2023-Inovadora-COTEC__BORDANPE-64x34.png 64w\" sizes=\"(max-width: 768px) 100vw, 768px\" \/><\/figure>","protected":false},"excerpt":{"rendered":"<p>O reconhecimento e a fideliza\u00e7\u00e3o dos nossos clientes t\u00eam sido pilares fundamentais das nossas conquistas empresariais. Gra\u00e7as a esta s\u00f3lida parceria, fomos agraciados com prestigiosas distin\u00e7\u00f5es, tais como o estatuto de PME L\u00edder e a honra de sermos reconhecidos como uma Empresa Inovadora pela COTEC. Estas distin\u00e7\u00f5es validam inequivocamente o nosso compromisso com a excel\u00eancia [&hellip;]<\/p>","protected":false},"author":4,"featured_media":909,"parent":0,"menu_order":0,"comment_status":"closed","ping_status":"closed","template":"","meta":{"footnotes":""},"_links":{"self":[{"href":"https:\/\/bordanpe.pt\/en\/wp-json\/wp\/v2\/pages\/746"}],"collection":[{"href":"https:\/\/bordanpe.pt\/en\/wp-json\/wp\/v2\/pages"}],"about":[{"href":"https:\/\/bordanpe.pt\/en\/wp-json\/wp\/v2\/types\/page"}],"author":[{"embeddable":true,"href":"https:\/\/bordanpe.pt\/en\/wp-json\/wp\/v2\/users\/4"}],"replies":[{"embeddable":true,"href":"https:\/\/bordanpe.pt\/en\/wp-json\/wp\/v2\/comments?post=746"}],"version-history":[{"count":25,"href":"https:\/\/bordanpe.pt\/en\/wp-json\/wp\/v2\/pages\/746\/revisions"}],"predecessor-version":[{"id":946,"href":"https:\/\/bordanpe.pt\/en\/wp-json\/wp\/v2\/pages\/746\/revisions\/946"}],"wp:featuredmedia":[{"embeddable":true,"href":"https:\/\/bordanpe.pt\/en\/wp-json\/wp\/v2\/media\/909"}],"wp:attachment":[{"href":"https:\/\/bordanpe.pt\/en\/wp-json\/wp\/v2\/media?parent=746"}],"curies":[{"name":"wp","href":"https:\/\/api.w.org\/{rel}","templated":true}]}}