{"id":244,"date":"2021-12-01T17:06:03","date_gmt":"2021-12-01T17:06:03","guid":{"rendered":"http:\/\/bordanpe.pt\/?page_id=244"},"modified":"2023-10-10T15:14:25","modified_gmt":"2023-10-10T14:14:25","slug":"produtos-servicos","status":"publish","type":"page","link":"https:\/\/bordanpe.pt\/en\/produtos-servicos\/","title":{"rendered":"Our Products\/Services"},"content":{"rendered":"<div class=\"wp-block-columns is-layout-flex wp-container-2 wp-block-columns-is-layout-flex\">\n<div class=\"wp-block-column is-layout-flow wp-block-column-is-layout-flow\" style=\"flex-basis:50%\">\n<p>Bordanpe seeks to offer its customers the most diverse solutions in the art of the embroidery industry.<\/p>\n<\/div>\n<\/div>\n\n\n\n<div class=\"wp-block-columns are-vertically-aligned-center pag-atuacao is-layout-flex wp-container-10 wp-block-columns-is-layout-flex\">\n<div class=\"wp-block-column is-vertically-aligned-center is-layout-flow wp-block-column-is-layout-flow\" style=\"flex-basis:40%\">\n<div class=\"wp-block-cover is-light\" style=\"min-height:228px\"><span aria-hidden=\"true\" class=\"wp-block-cover__background has-background-dim\"><\/span><img decoding=\"async\" loading=\"lazy\" width=\"330\" height=\"336\" class=\"wp-block-cover__image-background wp-image-797\" alt=\"\" src=\"http:\/\/bordanpe.pt\/wp-content\/uploads\/2023\/07\/slide-servicos-4.jpg\" style=\"object-position:75% 75%\" data-object-fit=\"cover\" data-object-position=\"75% 75%\" srcset=\"https:\/\/bordanpe.pt\/wp-content\/uploads\/2023\/07\/slide-servicos-4.jpg 330w, https:\/\/bordanpe.pt\/wp-content\/uploads\/2023\/07\/slide-servicos-4-295x300.jpg 295w, https:\/\/bordanpe.pt\/wp-content\/uploads\/2023\/07\/slide-servicos-4-64x65.jpg 64w\" sizes=\"(max-width: 330px) 100vw, 330px\" \/><div class=\"wp-block-cover__inner-container is-layout-flow wp-block-cover-is-layout-flow\">\n<p class=\"has-text-align-left has-large-font-size\"><strong>Embroidery<\/strong><\/p>\n<\/div><\/div>\n\n\n\n<p><\/p>\n<\/div>\n\n\n\n<div class=\"wp-block-column is-vertically-aligned-center padding-top-1 is-layout-flow wp-block-column-is-layout-flow\" style=\"flex-basis:60%\">\n<p>Wide range of solutions in the art of conventional embroidery industry, embroidery with sequins, beads, ribbons\/strings, chain stitch, chenille stitch, etc.<\/p>\n\n\n\n<div class=\"wp-block-columns is-layout-flex wp-container-8 wp-block-columns-is-layout-flex\">\n<div class=\"wp-block-column area-atuacao-list is-layout-flow wp-block-column-is-layout-flow\">\n<div class=\"wp-block-group is-layout-flow wp-block-group-is-layout-flow\"><div class=\"wp-block-group__inner-container\">\n<ul class=\"has-text-color\" style=\"color:#006464\">\n<li><a href=\"https:\/\/bordanpe.pt\/en\/produtos-servicos\/bordados\/\" data-type=\"page\" data-id=\"822\">View more<\/a><\/li>\n<\/ul>\n<\/div><\/div>\n<\/div>\n\n\n\n<div class=\"wp-block-column is-layout-flow wp-block-column-is-layout-flow\"><\/div>\n<\/div>\n<\/div>\n<\/div>\n\n\n\n<div class=\"wp-block-columns pag-atuacao is-layout-flex wp-container-21 wp-block-columns-is-layout-flex\">\n<div class=\"wp-block-column is-layout-flow wp-block-column-is-layout-flow\" style=\"flex-basis:40%\">\n<div class=\"wp-block-cover\" style=\"min-height:228px\"><span aria-hidden=\"true\" class=\"wp-block-cover__background has-background-dim\"><\/span><img decoding=\"async\" loading=\"lazy\" width=\"330\" height=\"336\" class=\"wp-block-cover__image-background wp-image-795\" alt=\"\" src=\"http:\/\/bordanpe.pt\/wp-content\/uploads\/2023\/07\/slide-servicos-2.jpg\" style=\"object-position:51% 66%\" data-object-fit=\"cover\" data-object-position=\"51% 66%\" srcset=\"https:\/\/bordanpe.pt\/wp-content\/uploads\/2023\/07\/slide-servicos-2.jpg 330w, https:\/\/bordanpe.pt\/wp-content\/uploads\/2023\/07\/slide-servicos-2-295x300.jpg 295w, https:\/\/bordanpe.pt\/wp-content\/uploads\/2023\/07\/slide-servicos-2-64x65.jpg 64w\" sizes=\"(max-width: 330px) 100vw, 330px\" \/><div class=\"wp-block-cover__inner-container is-layout-flow wp-block-cover-is-layout-flow\">\n<p class=\"has-text-align-center has-large-font-size\"><strong>Laser cut<\/strong><\/p>\n<\/div><\/div>\n\n\n\n<p><\/p>\n<\/div>\n\n\n\n<div class=\"wp-block-column is-vertically-aligned-center padding-top-1 is-layout-flow wp-block-column-is-layout-flow\" style=\"flex-basis:60%\">\n<p>Laser cutting services with several machines equipped with optical reading and galva engraving system.<\/p>\n\n\n\n<div class=\"wp-block-columns is-layout-flex wp-container-19 wp-block-columns-is-layout-flex\">\n<div class=\"wp-block-column area-atuacao-list is-layout-flow wp-block-column-is-layout-flow\">\n<div class=\"wp-block-group is-layout-flow wp-block-group-is-layout-flow\"><div class=\"wp-block-group__inner-container\">\n<div class=\"wp-block-columns are-vertically-aligned-center is-layout-flex wp-container-15 wp-block-columns-is-layout-flex\">\n<div class=\"wp-block-column area-atuacao-list is-layout-flow wp-block-column-is-layout-flow\">\n<div class=\"wp-block-group is-layout-flow wp-block-group-is-layout-flow\"><div class=\"wp-block-group__inner-container\">\n<ul class=\"has-text-color has-normal-font-size\" style=\"color:#006464\">\n<li><a href=\"https:\/\/bordanpe.pt\/en\/produtos-servicos\/corte-a-laser\/\" data-type=\"page\" data-id=\"827\">View more<\/a><\/li>\n<\/ul>\n<\/div><\/div>\n<\/div>\n<\/div>\n<\/div><\/div>\n<\/div>\n\n\n\n<div class=\"wp-block-column is-layout-flow wp-block-column-is-layout-flow\"><\/div>\n<\/div>\n<\/div>\n<\/div>\n\n\n\n<div class=\"wp-block-columns pag-atuacao is-layout-flex wp-container-29 wp-block-columns-is-layout-flex\">\n<div class=\"wp-block-column is-layout-flow wp-block-column-is-layout-flow\" style=\"flex-basis:40%\">\n<div class=\"wp-block-cover is-light\" style=\"min-height:228px\"><span aria-hidden=\"true\" class=\"wp-block-cover__background has-background-dim\"><\/span><img decoding=\"async\" loading=\"lazy\" width=\"330\" height=\"336\" class=\"wp-block-cover__image-background wp-image-850\" alt=\"\" src=\"http:\/\/bordanpe.pt\/wp-content\/uploads\/2023\/10\/slide-servicos-prensagem-2.png\" style=\"object-position:73% 37%\" data-object-fit=\"cover\" data-object-position=\"73% 37%\" srcset=\"https:\/\/bordanpe.pt\/wp-content\/uploads\/2023\/10\/slide-servicos-prensagem-2.png 330w, https:\/\/bordanpe.pt\/wp-content\/uploads\/2023\/10\/slide-servicos-prensagem-2-295x300.png 295w, https:\/\/bordanpe.pt\/wp-content\/uploads\/2023\/10\/slide-servicos-prensagem-2-64x65.png 64w\" sizes=\"(max-width: 330px) 100vw, 330px\" \/><div class=\"wp-block-cover__inner-container is-layout-flow wp-block-cover-is-layout-flow\">\n<p class=\"has-text-align-center has-large-font-size\"><strong>Transfer pressing<\/strong><\/p>\n<\/div><\/div>\n\n\n\n<p><\/p>\n<\/div>\n\n\n\n<div class=\"wp-block-column is-vertically-aligned-center padding-top-1 is-layout-flow wp-block-column-is-layout-flow\" style=\"flex-basis:60%\">\n<p>Transfer pressing services.<\/p>\n\n\n\n<div class=\"wp-block-columns is-layout-flex wp-container-27 wp-block-columns-is-layout-flex\">\n<div class=\"wp-block-column area-atuacao-list is-layout-flow wp-block-column-is-layout-flow\">\n<div class=\"wp-block-group is-layout-flow wp-block-group-is-layout-flow\"><div class=\"wp-block-group__inner-container\">\n<ul class=\"has-text-color\" style=\"color:#006464\">\n<li><a href=\"https:\/\/bordanpe.pt\/en\/produtos-servicos\/prensagem-de-transfers\/\" data-type=\"page\" data-id=\"833\">View more<\/a><\/li>\n<\/ul>\n<\/div><\/div>\n<\/div>\n\n\n\n<div class=\"wp-block-column is-layout-flow wp-block-column-is-layout-flow\"><\/div>\n<\/div>\n<\/div>\n<\/div>\n\n\n\n<div class=\"wp-block-columns pag-atuacao is-layout-flex wp-container-39 wp-block-columns-is-layout-flex\">\n<div class=\"wp-block-column is-layout-flow wp-block-column-is-layout-flow\" style=\"flex-basis:40%\">\n<div class=\"wp-block-cover\" style=\"min-height:228px\"><span aria-hidden=\"true\" class=\"wp-block-cover__background has-background-dim\"><\/span><img decoding=\"async\" loading=\"lazy\" width=\"330\" height=\"336\" class=\"wp-block-cover__image-background wp-image-849\" alt=\"\" src=\"http:\/\/bordanpe.pt\/wp-content\/uploads\/2023\/07\/slide-servicos-outros-2.png\" style=\"object-position:51% 64%\" data-object-fit=\"cover\" data-object-position=\"51% 64%\" srcset=\"https:\/\/bordanpe.pt\/wp-content\/uploads\/2023\/07\/slide-servicos-outros-2.png 330w, https:\/\/bordanpe.pt\/wp-content\/uploads\/2023\/07\/slide-servicos-outros-2-295x300.png 295w, https:\/\/bordanpe.pt\/wp-content\/uploads\/2023\/07\/slide-servicos-outros-2-64x65.png 64w\" sizes=\"(max-width: 330px) 100vw, 330px\" \/><div class=\"wp-block-cover__inner-container is-layout-flow wp-block-cover-is-layout-flow\">\n<p class=\"has-text-align-center has-large-font-size\"><strong>Others<\/strong><\/p>\n<\/div><\/div>\n\n\n\n<p><\/p>\n<\/div>\n\n\n\n<div class=\"wp-block-column is-vertically-aligned-center padding-top-1 is-layout-flow wp-block-column-is-layout-flow\" style=\"flex-basis:60%\">\n<p>All services created with the purpose of meeting the highest quality standards combined with speed and confidentiality.<\/p>\n\n\n\n<div class=\"wp-block-columns is-layout-flex wp-container-37 wp-block-columns-is-layout-flex\">\n<div class=\"wp-block-column area-atuacao-list is-layout-flow wp-block-column-is-layout-flow\">\n<div class=\"wp-block-group is-layout-flow wp-block-group-is-layout-flow\"><div class=\"wp-block-group__inner-container\">\n<div class=\"wp-block-columns are-vertically-aligned-center is-layout-flex wp-container-33 wp-block-columns-is-layout-flex\">\n<div class=\"wp-block-column is-vertically-aligned-center is-layout-flow wp-block-column-is-layout-flow\" style=\"flex-basis:66.67%\">\n<ul class=\"areas-de-atuacao has-text-color\" style=\"color:#006464\">\n<li><a href=\"https:\/\/bordanpe.pt\/en\/produtos-servicos\/outros\/\" data-type=\"page\" data-id=\"837\">View more<\/a><\/li>\n<\/ul>\n<\/div>\n<\/div>\n<\/div><\/div>\n<\/div>\n\n\n\n<div class=\"wp-block-column is-layout-flow wp-block-column-is-layout-flow\"><\/div>\n<\/div>\n<\/div>\n<\/div>","protected":false},"excerpt":{"rendered":"<p>A Bordanpe procura oferecer aos seus clientes as mais diversas solu\u00e7\u00f5es na arte da ind\u00fastria do bordado. Diversas solu\u00e7\u00f5es na arte da ind\u00fastria do bordado convencional, do bordado com lantejoulas, missangas, fitas\/cord\u00f5es, ponto cadeia, ponto chenille, etc. Servi\u00e7os de corte a laser com v\u00e1rias m\u00e1quinas equipadas com leitura \u00f3tica e sistema de grava\u00e7\u00e3o galva. Servi\u00e7os [&hellip;]<\/p>","protected":false},"author":1,"featured_media":0,"parent":0,"menu_order":0,"comment_status":"closed","ping_status":"closed","template":"","meta":{"footnotes":""},"_links":{"self":[{"href":"https:\/\/bordanpe.pt\/en\/wp-json\/wp\/v2\/pages\/244"}],"collection":[{"href":"https:\/\/bordanpe.pt\/en\/wp-json\/wp\/v2\/pages"}],"about":[{"href":"https:\/\/bordanpe.pt\/en\/wp-json\/wp\/v2\/types\/page"}],"author":[{"embeddable":true,"href":"https:\/\/bordanpe.pt\/en\/wp-json\/wp\/v2\/users\/1"}],"replies":[{"embeddable":true,"href":"https:\/\/bordanpe.pt\/en\/wp-json\/wp\/v2\/comments?post=244"}],"version-history":[{"count":53,"href":"https:\/\/bordanpe.pt\/en\/wp-json\/wp\/v2\/pages\/244\/revisions"}],"predecessor-version":[{"id":851,"href":"https:\/\/bordanpe.pt\/en\/wp-json\/wp\/v2\/pages\/244\/revisions\/851"}],"wp:attachment":[{"href":"https:\/\/bordanpe.pt\/en\/wp-json\/wp\/v2\/media?parent=244"}],"curies":[{"name":"wp","href":"https:\/\/api.w.org\/{rel}","templated":true}]}}