{"id":11,"date":"2021-10-30T15:17:30","date_gmt":"2021-10-30T18:17:30","guid":{"rendered":"http:\/\/bordanpe.pt\/?page_id=11"},"modified":"2023-10-13T11:14:58","modified_gmt":"2023-10-13T10:14:58","slug":"sobre-nos","status":"publish","type":"page","link":"https:\/\/bordanpe.pt\/en\/sobre-nos\/","title":{"rendered":"About Us"},"content":{"rendered":"<p>Bordanpe, Embroidery Industry was founded on March 15, 2005, following the family tradition and academic training of its founder, Andr\u00e9 Castro, who has remained linked to the textile sector since 1993. The embroidery company based in Guimar\u00e3es, has The main focus is the clothing industry, also covering the areas of home textiles and footwear. Our primary objective is to provide customers with a wide range of embroidery services, including conventional embroidery, embroidery with sequins, beads, ribbons\/strings, chain stitch, chenille stitch, among others. In addition, we offer laser cutting services, with several machines equipped with optical reading and a galva recording system, as well as transfer pressing services, with film\/drawing openings treated in-house by a specialized team.<\/p>\n\n\n\n<p>Our company is committed to achieving the highest quality standards, combined with the speed and confidentiality required today. This commitment is supported by the vast experience of our employees and the use of cutting-edge equipment with the latest technologies. Recognition from our customers has allowed us to achieve important distinctions, such as the status of Leading SME and COTEC Innovative Company. To further raise our service standards, we constantly seek to obtain various certifications, including GOTS, OCS, RCS and Oeko-tex Class I Certification. Our approach values honesty, quality, competitiveness and respect for all actors in the chain, from employees and suppliers to customers and the environment, without giving priority to any of these variables. Bordanpe is a trusted partner, committed to excellence and respect in all aspects of its business.<\/p>\n\n\n\n<div style=\"height:30px\" aria-hidden=\"true\" class=\"wp-block-spacer\"><\/div>\n\n\n\n<figure class=\"wp-block-image size-large\"><img decoding=\"async\" loading=\"lazy\" width=\"1024\" height=\"412\" src=\"https:\/\/bordanpe.pt\/wp-content\/uploads\/2021\/11\/Website_Bordanpe_home-1024x412.jpg\" alt=\"\" class=\"wp-image-842\" srcset=\"https:\/\/bordanpe.pt\/wp-content\/uploads\/2021\/11\/Website_Bordanpe_home-1024x412.jpg 1024w, https:\/\/bordanpe.pt\/wp-content\/uploads\/2021\/11\/Website_Bordanpe_home-300x121.jpg 300w, https:\/\/bordanpe.pt\/wp-content\/uploads\/2021\/11\/Website_Bordanpe_home-768x309.jpg 768w, https:\/\/bordanpe.pt\/wp-content\/uploads\/2021\/11\/Website_Bordanpe_home-416x168.jpg 416w, https:\/\/bordanpe.pt\/wp-content\/uploads\/2021\/11\/Website_Bordanpe_home-64x26.jpg 64w, https:\/\/bordanpe.pt\/wp-content\/uploads\/2021\/11\/Website_Bordanpe_home.jpg 1440w\" sizes=\"(max-width: 1024px) 100vw, 1024px\" \/><\/figure>\n\n\n\n<p><\/p>\n\n\n\n<figure class=\"wp-block-image size-large\"><img decoding=\"async\" loading=\"lazy\" width=\"1024\" height=\"426\" src=\"http:\/\/bordanpe.pt\/wp-content\/uploads\/2023\/09\/website_home_header_2-1024x426.jpg\" alt=\"\" class=\"wp-image-847\" srcset=\"https:\/\/bordanpe.pt\/wp-content\/uploads\/2023\/09\/website_home_header_2-1024x426.jpg 1024w, https:\/\/bordanpe.pt\/wp-content\/uploads\/2023\/09\/website_home_header_2-300x125.jpg 300w, https:\/\/bordanpe.pt\/wp-content\/uploads\/2023\/09\/website_home_header_2-768x320.jpg 768w, https:\/\/bordanpe.pt\/wp-content\/uploads\/2023\/09\/website_home_header_2-1536x640.jpg 1536w, https:\/\/bordanpe.pt\/wp-content\/uploads\/2023\/09\/website_home_header_2-416x173.jpg 416w, https:\/\/bordanpe.pt\/wp-content\/uploads\/2023\/09\/website_home_header_2-64x27.jpg 64w, https:\/\/bordanpe.pt\/wp-content\/uploads\/2023\/09\/website_home_header_2.jpg 1580w\" sizes=\"(max-width: 1024px) 100vw, 1024px\" \/><\/figure>","protected":false},"excerpt":{"rendered":"<p>A Bordanpe, Ind\u00fastria de Bordados Unipessoal Lda, foi fundada em 15 de mar\u00e7o de 2005, seguindo a tradi\u00e7\u00e3o familiar e a forma\u00e7\u00e3o acad\u00e9mica do seu fundador, Andr\u00e9 Castro, que se mant\u00e9m ligado ao setor t\u00eaxtil desde 1993. A empresa de bordados sediada em Guimar\u00e3es, tem como foco principal a ind\u00fastria do vestu\u00e1rio, abrangendo igualmente as [&hellip;]<\/p>","protected":false},"author":1,"featured_media":843,"parent":0,"menu_order":0,"comment_status":"closed","ping_status":"closed","template":"","meta":{"footnotes":""},"_links":{"self":[{"href":"https:\/\/bordanpe.pt\/en\/wp-json\/wp\/v2\/pages\/11"}],"collection":[{"href":"https:\/\/bordanpe.pt\/en\/wp-json\/wp\/v2\/pages"}],"about":[{"href":"https:\/\/bordanpe.pt\/en\/wp-json\/wp\/v2\/types\/page"}],"author":[{"embeddable":true,"href":"https:\/\/bordanpe.pt\/en\/wp-json\/wp\/v2\/users\/1"}],"replies":[{"embeddable":true,"href":"https:\/\/bordanpe.pt\/en\/wp-json\/wp\/v2\/comments?post=11"}],"version-history":[{"count":10,"href":"https:\/\/bordanpe.pt\/en\/wp-json\/wp\/v2\/pages\/11\/revisions"}],"predecessor-version":[{"id":910,"href":"https:\/\/bordanpe.pt\/en\/wp-json\/wp\/v2\/pages\/11\/revisions\/910"}],"wp:featuredmedia":[{"embeddable":true,"href":"https:\/\/bordanpe.pt\/en\/wp-json\/wp\/v2\/media\/843"}],"wp:attachment":[{"href":"https:\/\/bordanpe.pt\/en\/wp-json\/wp\/v2\/media?parent=11"}],"curies":[{"name":"wp","href":"https:\/\/api.w.org\/{rel}","templated":true}]}}